{"id":126,"date":"2024-03-12T11:37:54","date_gmt":"2024-03-12T10:37:54","guid":{"rendered":"https:\/\/smartlab.cvtisr.sk\/?page_id=126"},"modified":"2026-02-26T08:59:38","modified_gmt":"2026-02-26T07:59:38","slug":"smartlaby-na-slovensku","status":"publish","type":"page","link":"https:\/\/smartlab.cvtisr.sk\/index.php\/smartlaby-na-slovensku\/","title":{"rendered":"SmartLaby na Slovensku"},"content":{"rendered":"\n<div class=\"wp-block-qubely-wrapper qubely-block-23601a page_title_gradient\"><div class=\"qubely-block-wrapper-block \">\n<h2 class=\"wp-block-heading has-text-align-center has-palette-color-8-color has-text-color has-link-color wp-elements-a12e43685105d98bada488798c418965\" id=\"smartlaby-na-slovensku\" style=\"font-size:clamp(27.894px, 1.743rem + ((1vw - 3.2px) * 1.571), 48px);font-style:normal;font-weight:500\">SmartLaby na Slovensku<\/h2>\n\n\n\n<p class=\"has-text-align-center has-palette-color-8-color has-text-color has-link-color wp-elements-4c80a1e42141adf209a975914ab9a860\">Inteligentn\u00e9 laborat\u00f3ri\u00e1 n\u00e1jdete v 50 verejn\u00fdch kni\u017eniciach po celom Slovensku.<\/p>\n<\/div><\/div>\n\n\n\n<h3 class=\"wp-block-heading has-text-align-center\" id=\"zoznam-smartlabov-podla-samospravnych-krajov\">Zoznam SmartLabov pod\u013ea samospr\u00e1vnych krajov<\/h3>\n\n\n\n<div class=\"wp-block-qubely-wrapper qubely-block-423439\"><div class=\"qubely-block-wrapper-block \">\n<div class=\"wp-block-qubely-row qubely-section qubely-block-e46680\"><div class=\"qubely-row-overlay\"><\/div><div class=\"qubely-container\"><div class=\"qubely-row \">\n<div class=\"wp-block-qubely-column qubely-column qubely-column-front qubely-block-fffe31\"><div class=\"qubely-column-inner\">\n<div class=\"qubely-block-accordion  qubely-block-caef65\" data-item-toggle=\"true\">\n<div class=\"wp-block-qubely-accordion-item qubely-block-b58535\"><div class=\"qubely-accordion-item qubely-type-fill false\"><div class=\"qubely-accordion-panel qubely-icon-position-right\"><span class=\"qubely-accordion-panel-handler\" role=\"button\"><span class=\"qubely-accordion-panel-handler-label\">Bratislavsk\u00fd kraj<\/span><span class=\"qubely-accordion-icon fa fa-angle-right\"><\/span><\/span><\/div><div class=\"qubely-accordion-body\"><div itemprop=\"text\">\n<p><a href=\"http:\/\/msks-senec.sk\/kniznica\/\" target=\"_blank\" rel=\"noreferrer noopener\">Mestsk\u00e1 kni\u017enica Senec<\/a><\/p>\n\n\n\n<p><a href=\"https:\/\/kniznicamalacky.sk\/v%C3%BDstavy\/\" target=\"_blank\" rel=\"noreferrer noopener\">Kni\u017enica Mestsk\u00e9ho centra kult\u00fary Malacky<\/a><\/p>\n\n\n\n<p><a href=\"https:\/\/www.mestskakniznica.sk\/navstivte\/nase-lokality\/smartlab\" target=\"_blank\" rel=\"noreferrer noopener\">Mestsk\u00e1 kni\u017enica Bratislava<\/a><\/p>\n\n\n\n<p><a href=\"https:\/\/www.starlib.sk\/\" target=\"_blank\" rel=\"noreferrer noopener\">Staromestsk\u00e1 kni\u017enica v Bratislave<\/a><\/p>\n\n\n\n<p><a href=\"https:\/\/kniznicapezinok.sk\/\" target=\"_blank\" rel=\"noreferrer noopener\">Malokarpatsk\u00e1 kni\u017enica v Pezinku<\/a><\/p>\n\n\n\n<p>Kni\u017enica Ru\u017einov<\/p>\n<\/div><\/div><\/div><\/div>\n\n\n\n<div class=\"wp-block-qubely-accordion-item qubely-block-356aa6\"><div class=\"qubely-accordion-item qubely-type-fill false\"><div class=\"qubely-accordion-panel qubely-icon-position-right\"><span class=\"qubely-accordion-panel-handler\" role=\"button\"><span class=\"qubely-accordion-panel-handler-label\">Tren\u010diansky kraj<\/span><span class=\"qubely-accordion-icon fa fa-angle-right\"><\/span><\/span><\/div><div class=\"qubely-accordion-body\"><div itemprop=\"text\">\n<p><a href=\"https:\/\/www.hnkpd.sk\/aktuality\/smartlab-v-hornonitrianskej-kniznici-v-prievidzi.html?page_id=13774\" target=\"_blank\" rel=\"noreferrer noopener\">Hornonitrianska kni\u017enica v Prievidzi&nbsp;<\/a><\/p>\n\n\n\n<p><a href=\"https:\/\/www.kniznicapb.sk\/hlavna-stranka-2\/smartlab-inteligentne-laboratorium.html?page_id=12317\" target=\"_blank\" rel=\"noreferrer noopener\">Pova\u017esk\u00e1 kni\u017enica&nbsp;v Pova\u017eskej Bystrici<\/a><\/p>\n\n\n\n<p><a href=\"http:\/\/www.kniznica.dubnica.eu\/\" target=\"_blank\" rel=\"noreferrer noopener\">Mestsk\u00e1 kni\u017enica Dubnica nad V\u00e1hom<\/a><\/p>\n\n\n\n<p><a href=\"https:\/\/www.vkmr.sk\/hlavna-stranka-2\/aktuality\/laboratorium-v-kniznici-ano-vitajte-v-smartlabe.html?page_id=425362\" target=\"_blank\" rel=\"noreferrer noopener\">Verejn\u00e1 kni\u017enica Michala Re\u0161etku v Tren\u010d\u00edne<\/a><\/p>\n<\/div><\/div><\/div><\/div>\n\n\n\n<div class=\"wp-block-qubely-accordion-item qubely-block-cb05f2\"><div class=\"qubely-accordion-item qubely-type-fill false\"><div class=\"qubely-accordion-panel qubely-icon-position-right\"><span class=\"qubely-accordion-panel-handler\" role=\"button\"><span class=\"qubely-accordion-panel-handler-label\">Banskobystrick\u00fd kraj<\/span><span class=\"qubely-accordion-icon fa fa-angle-right\"><\/span><\/span><\/div><div class=\"qubely-accordion-body\"><div itemprop=\"text\">\n<p><a href=\"https:\/\/www.kmh.sk\/smartlab-inteligentne-laboratorium-v-kniznici.html\" target=\"_blank\" rel=\"noreferrer noopener\">Kni\u017enica Mateja Hrebendu Rimavsk\u00e1 Sobota<\/a><\/p>\n\n\n\n<p><a href=\"https:\/\/www.hnk-vk.sk\/\" target=\"_blank\" rel=\"noreferrer noopener\">Hontiansko-novohradsk\u00e1 kni\u017enica A. H. \u0160kult\u00e9tyho Ve\u013ek\u00fd Krt\u00ed\u0161<\/a><\/p>\n\n\n\n<p><a href=\"https:\/\/www.nklc.sk\/smartlab.html\" target=\"_blank\" rel=\"noreferrer noopener\">Novohradsk\u00e1 kni\u017enica&nbsp;Lu\u010denec<\/a><\/p>\n\n\n\n<p><a href=\"https:\/\/msks.revuca.sk\/\">Mestsk\u00e1 kni\u017enica Samuela Reussa Rev\u00faca<\/a><\/p>\n\n\n\n<p><a href=\"https:\/\/www.kskls.sk\/kreativna-dielna.html\" target=\"_blank\" rel=\"noreferrer noopener\">Krajsk\u00e1 kni\u017enica \u013dudov\u00edta \u0160t\u00fara Zvolen<\/a><\/p>\n\n\n\n<p><a href=\"https:\/\/www.vkmk.sk\/smartlab.html\" target=\"_blank\" rel=\"noreferrer noopener\">Verejn\u00e1 kni\u017enica Mikul\u00e1\u0161a Kov\u00e1\u010da Bansk\u00e1 Bystrica<\/a><\/p>\n\n\n\n<p><a href=\"https:\/\/www.kjkk.sk\/smartlab.html\" target=\"_blank\" rel=\"noreferrer noopener\">Kni\u017enica J\u00e1na Koll\u00e1ra Kremnica<\/a><\/p>\n\n\n\n<p><a href=\"https:\/\/kniznicazh.wixsite.com\/kniznica\" target=\"_blank\" rel=\"noreferrer noopener\">Mestsk\u00e1 kni\u017enica Michala Chr\u00e1steka \u017diar nad Hronom<\/a><\/p>\n<\/div><\/div><\/div><\/div>\n\n\n\n<div class=\"wp-block-qubely-accordion-item qubely-block-b08ff5\"><div class=\"qubely-accordion-item qubely-type-fill false\"><div class=\"qubely-accordion-panel qubely-icon-position-right\"><span class=\"qubely-accordion-panel-handler\" role=\"button\"><span class=\"qubely-accordion-panel-handler-label\">Pre\u0161ovsk\u00fd kraj<\/span><span class=\"qubely-accordion-icon fa fa-angle-right\"><\/span><\/span><\/div><div class=\"qubely-accordion-body\"><div itemprop=\"text\">\n<p><a href=\"https:\/\/www.kniznicapp.sk\/index.php\/sluzby\/smartlab-inteligentne-laboratorium-v-kniznici\" target=\"_blank\" rel=\"noreferrer noopener\">Podtatransk\u00e1 kni\u017enica v Poprade<\/a><\/p>\n\n\n\n<p><a href=\"https:\/\/podduklianskakniznica.sk\/new\/index.php\/smartlab\" target=\"_blank\" rel=\"noreferrer noopener\">Podduklianska kni\u017enica Svidn\u00edk<\/a><\/p>\n\n\n\n<p><a href=\"https:\/\/www.kniznicalevoca.sk\/smartlab\" target=\"_blank\" rel=\"noreferrer noopener\">Kni\u017enica J\u00e1na Henkela v Levo\u010di<\/a><\/p>\n\n\n\n<p><a href=\"https:\/\/gutgesel.sk\/sluzby\/smartlab-inteligentne-laboratorium-v-kniznici\/\" target=\"_blank\" rel=\"noreferrer noopener\">Okresn\u00e1 kni\u017enica D\u00e1vida Gutgesela v Bardejove<\/a><\/p>\n\n\n\n<p><a href=\"https:\/\/www.kniznicasl.sk\/smartlab\/\" target=\"_blank\" rel=\"noreferrer noopener\">\u013dubovnianska kni\u017enica v Starej \u013dubovni<\/a><\/p>\n\n\n\n<p><a href=\"https:\/\/www.kniznica-poh.sk\/index.php\/o-nas\/sluzby-kniznice\/smartlab\" target=\"_blank\" rel=\"noreferrer noopener\">Krajsk\u00e1 kni\u017enica P. O. Hviezdoslava v Pre\u0161ove<\/a><\/p>\n\n\n\n<p><a href=\"https:\/\/kniznicavranov.sk\/o-kniznici\/smartlab-inteligentne-laboratorium-v-kniznici\/\" target=\"_blank\" rel=\"noreferrer noopener\">Hornozempl\u00ednska kni\u017enica vo Vranove nad Top\u013eou<\/a><\/p>\n\n\n\n<p><a href=\"https:\/\/www.kulturasnina.sk\/pracoviska\/kniznica\/\" target=\"_blank\" rel=\"noreferrer noopener\">Mestsk\u00e1 kni\u017enica Snina<\/a><\/p>\n\n\n\n<p><a href=\"https:\/\/www.kulturnestredisko.sk\/smartlab.html\" target=\"_blank\" rel=\"noreferrer noopener\">Mestsk\u00e1 kni\u017enica Bohu\u0161a Nos\u00e1ka Nez\u00e1budova v Sabinove<\/a><\/p>\n<\/div><\/div><\/div><\/div>\n<\/div>\n<\/div><\/div>\n\n\n\n<div class=\"wp-block-qubely-column qubely-column qubely-column-front qubely-block-660213\"><div class=\"qubely-column-inner\">\n<div class=\"qubely-block-accordion  qubely-block-caef65\" data-item-toggle=\"true\">\n<div class=\"wp-block-qubely-accordion-item qubely-block-1eb5ce\"><div class=\"qubely-accordion-item qubely-type-fill false\"><div class=\"qubely-accordion-panel qubely-icon-position-right\"><span class=\"qubely-accordion-panel-handler\" role=\"button\"><span class=\"qubely-accordion-panel-handler-label\">Trnavsk\u00fd kraj<\/span><span class=\"qubely-accordion-icon fa fa-angle-right\"><\/span><\/span><\/div><div class=\"qubely-accordion-body\"><div itemprop=\"text\">\n<p><a href=\"https:\/\/www.kniznicads.sk\/sluzby\/smartlab\" target=\"_blank\" rel=\"noreferrer noopener\">\u017ditnoostrovsk\u00e1 kni\u017enica v Dunajskej Strede<\/a><\/p>\n\n\n\n<p><a href=\"https:\/\/www.kniznica.sk\/uvod\/\" target=\"_blank\" rel=\"noreferrer noopener\">Mestsk\u00e1 kni\u017enica mesta Pie\u0161\u0165any<\/a><\/p>\n\n\n\n<p><a href=\"https:\/\/www.kniznicatrnava.sk\/sk\/aktuality\/SMARTLAB%20-%20INTELIGENTN%C3%89%20LABORAT%C3%93RIUM\" target=\"_blank\" rel=\"noreferrer noopener\">Kni\u017enica Juraja F\u00e1ndlyho v Trnave<\/a><\/p>\n\n\n\n<p><a href=\"https:\/\/www.zahorskakniznica.eu\/otvarame-smartlab\" target=\"_blank\" rel=\"noreferrer noopener\">Z\u00e1horsk\u00e1 kni\u017enica Senica<\/a><\/p>\n\n\n\n<p><a href=\"https:\/\/www.galantskakniznica.sk\/smartlab-inteligentne-laboratorium-v-kniznici\" target=\"_blank\" rel=\"noreferrer noopener\">Galantsk\u00e1 kni\u017enica<\/a><\/p>\n<\/div><\/div><\/div><\/div>\n\n\n\n<div class=\"wp-block-qubely-accordion-item qubely-block-e5c404\"><div class=\"qubely-accordion-item qubely-type-fill false\"><div class=\"qubely-accordion-panel qubely-icon-position-right\"><span class=\"qubely-accordion-panel-handler\" role=\"button\"><span class=\"qubely-accordion-panel-handler-label\">Nitriansky kraj<\/span><span class=\"qubely-accordion-icon fa fa-angle-right\"><\/span><\/span><\/div><div class=\"qubely-accordion-body\"><div itemprop=\"text\">\n<p><a href=\"https:\/\/www.kniznicalevice.sk\/o-nas\/novinky\/clanok-smartlab-inteligentne-laboratorium-v-tekovskej-kniznici-v-leviciach\" target=\"_blank\" rel=\"noreferrer noopener\">Tekovsk\u00e1 kni\u017enica v Leviciach<\/a><\/p>\n\n\n\n<p><a href=\"https:\/\/kniznica.sala.sk\/clanok\/752-co-je-smartlab\" target=\"_blank\" rel=\"noreferrer noopener\">Mestsk\u00e1 kni\u017enica J\u00e1na Johanidesa v \u0160al<\/a><a href=\"https:\/\/kniznica.sala.sk\/\" target=\"_blank\" rel=\"noreferrer noopener\">i<\/a><\/p>\n\n\n\n<p><a href=\"http:\/\/kniznicatopolcany.sk\/smartlab\/#uvod\" target=\"_blank\" rel=\"noreferrer noopener\">Tribe\u010dsk\u00e1 kni\u017enica v Topo\u013e\u010danoch<\/a><\/p>\n\n\n\n<p><a href=\"https:\/\/www.krajskakniznicanitra.sk\/index.php\/smartlab-inteligentne-laboratorium\/podujatia-smartlab\" target=\"_blank\" rel=\"noreferrer noopener\">Krajsk\u00e1 kni\u017enica Karola Kme\u0165ka v Nitre<\/a><\/p>\n\n\n\n<p><a href=\"https:\/\/komk.sk\/smartlab\/\" target=\"_blank\" rel=\"noreferrer noopener\">Kni\u017enica J\u00f3zsefa Szinnyeiho v Kom\u00e1rne<\/a><\/p>\n<\/div><\/div><\/div><\/div>\n\n\n\n<div class=\"wp-block-qubely-accordion-item qubely-block-455f07\"><div class=\"qubely-accordion-item qubely-type-fill false\"><div class=\"qubely-accordion-panel qubely-icon-position-right\"><span class=\"qubely-accordion-panel-handler\" role=\"button\"><span class=\"qubely-accordion-panel-handler-label\">\u017dilinsk\u00fd kraj<\/span><span class=\"qubely-accordion-icon fa fa-angle-right\"><\/span><\/span><\/div><div class=\"qubely-accordion-body\"><div itemprop=\"text\">\n<p><a href=\"https:\/\/turcianskakniznica.sk\/smartlab\/\" target=\"_blank\" rel=\"noreferrer noopener\">Tur\u010dianska kni\u017enica v Martine<\/a><\/p>\n\n\n\n<p><a href=\"https:\/\/www.krajskakniznicazilina.sk\/index.php\/sluzby\/makerspace\/\" target=\"_blank\" rel=\"noreferrer noopener\">Krajsk\u00e1 kni\u017enica v \u017diline<\/a><\/p>\n\n\n\n<p><a href=\"https:\/\/www.kniznica-cadca.sk\/smartlab\/cvti-sr\" target=\"_blank\" rel=\"noreferrer noopener\">Kysuck\u00e1 kni\u017enica v \u010cadci<\/a><\/p>\n\n\n\n<p><a href=\"https:\/\/kniznicagfb.sk\/sluzby\/smartlab\/\" target=\"_blank\" rel=\"noreferrer noopener\">Liptovsk\u00e1 kni\u017enica Ga\u0161para Fej\u00e9rpataky Belopotock\u00e9ho v Liptovskom Mikul\u00e1\u0161i<\/a><\/p>\n\n\n\n<p><a href=\"https:\/\/oravskakniznica.sk\/sluzby\/smartlab\/\" target=\"_blank\" rel=\"noreferrer noopener\">Oravsk\u00e1 kni\u017enica Antona Habov\u0161tiaka v Dolnom Kub\u00edne<\/a><\/p>\n\n\n\n<p><a href=\"https:\/\/www.kniznica.kysuckenovemesto.sk\/smartlab.html\" target=\"_blank\" rel=\"noreferrer noopener\">Mestsk\u00e1 kni\u017enica Kysuck\u00e9 Nov\u00e9 Mesto<\/a><\/p>\n\n\n\n<p><a href=\"https:\/\/mkzilina.sk\/smartlab-v-kniznici-technologie-ktore-ucia-medzi_regalmi\/\" target=\"_blank\" rel=\"noreferrer noopener\">Mestsk\u00e1 kni\u017enica v \u017diline<\/a><\/p>\n<\/div><\/div><\/div><\/div>\n\n\n\n<div class=\"wp-block-qubely-accordion-item qubely-block-85e2fa\"><div class=\"qubely-accordion-item qubely-type-fill false\"><div class=\"qubely-accordion-panel qubely-icon-position-right\"><span class=\"qubely-accordion-panel-handler\" role=\"button\"><span class=\"qubely-accordion-panel-handler-label\">Ko\u0161ick\u00fd kraj<\/span><span class=\"qubely-accordion-icon fa fa-angle-right\"><\/span><\/span><\/div><div class=\"qubely-accordion-body\"><div itemprop=\"text\">\n<p><a href=\"https:\/\/kniznica.skcak.sk\/smartlab\/\" target=\"_blank\" rel=\"noreferrer noopener\">Spi\u0161sk\u00e9 kult\u00farne centrum a kni\u017enica<\/a><\/p>\n\n\n\n<p><a href=\"https:\/\/kniznicatv.sk\/smartlab\/\" target=\"_blank\" rel=\"noreferrer noopener\">Zempl\u00ednska kni\u017enica v Trebi\u0161ove<\/a><\/p>\n\n\n\n<p><a href=\"https:\/\/www.kcmap.sk\/\" target=\"_blank\" rel=\"noreferrer noopener\">Kult\u00farne centrum Medzibodro\u017eia a Pou\u017eia v Kr\u00e1\u013eovskom Chlmci<\/a><\/p>\n\n\n\n<p><a href=\"https:\/\/www.kosicekmk.sk\/index.php\/accordion-2\/843-smartlab-objavuj-vytvaraj-uc-sa-a-rozvijaj\" target=\"_blank\" rel=\"noreferrer noopener\">Kni\u017enica pre Ml\u00e1de\u017e mesta Ko\u0161ice<\/a><\/p>\n\n\n\n<p><a href=\"https:\/\/www.kniznica-rv.sk\/podujatie\/smartlab\" target=\"_blank\" rel=\"noreferrer noopener\">Gemersk\u00e1 kni\u017enica Pavla Dob\u0161insk\u00e9ho v Ro\u017e\u0148ave<\/a><\/p>\n\n\n\n<p><a href=\"https:\/\/www.zkgz.sk\/page.html?p=4d9375ef4846fd56d28d1eb17eb36e18\" target=\"_blank\" rel=\"noreferrer noopener\">Zempl\u00ednska kni\u017enica Gorazda Zvonick\u00e9ho v Michalovciach<\/a><\/p>\n<\/div><\/div><\/div><\/div>\n<\/div>\n<\/div><\/div>\n<\/div><\/div><\/div>\n<\/div><\/div>\n\n\n\n<h3 class=\"wp-block-heading has-text-align-center\" id=\"interaktivna-mapa-smartlabov\">Interakt\u00edvna mapa SmartLabov<\/h3>\n\n\n\n<div class=\"wp-block-qubely-wrapper qubely-block-cd2b39\"><div class=\"qubely-block-wrapper-block \">\n<div class=\"wp-block-qubely-row qubely-section qubely-block-2b974f\"><div class=\"qubely-row-overlay\"><\/div><div class=\"qubely-container\"><div class=\"qubely-row \">\n<div class=\"wp-block-qubely-column qubely-column qubely-column-front qubely-block-95ca78\"><div class=\"qubely-column-inner\">\n<center><iframe loading=\"lazy\" src=\"https:\/\/www.google.com\/maps\/d\/u\/1\/embed?mid=16mjZTvD__pK8PK9lLE2G9nNiX5Xy8kA&#038;ehbc=2E312F&#038;noprof=1\" width=\"640\" height=\"480\"><\/iframe><\/center>\n<\/div><\/div>\n<\/div><\/div><\/div>\n<\/div><\/div>\n","protected":false},"excerpt":{"rendered":"<p>Zoznam SmartLabov pod\u013ea samospr\u00e1vnych krajov Interakt\u00edvna mapa SmartLabov<\/p>\n","protected":false},"author":2,"featured_media":0,"parent":0,"menu_order":0,"comment_status":"closed","ping_status":"closed","template":"","meta":{"qubely_global_settings":"","qubely_interactions":"","_gspb_post_css":"","footnotes":""},"class_list":["post-126","page","type-page","status-publish","hentry"],"blocksy_meta":[],"yoast_head":"<!-- This site is optimized with the Yoast SEO plugin v27.4 - https:\/\/yoast.com\/product\/yoast-seo-wordpress\/ -->\n<title>SmartLaby na Slovensku - SmartLab<\/title>\n<meta name=\"robots\" content=\"index, follow, max-snippet:-1, max-image-preview:large, max-video-preview:-1\" \/>\n<link rel=\"canonical\" href=\"https:\/\/smartlab.cvtisr.sk\/index.php\/smartlaby-na-slovensku\/\" \/>\n<meta property=\"og:locale\" content=\"sk_SK\" \/>\n<meta property=\"og:type\" content=\"article\" \/>\n<meta property=\"og:title\" content=\"SmartLaby na Slovensku - SmartLab\" \/>\n<meta property=\"og:description\" content=\"Zoznam SmartLabov pod\u013ea samospr\u00e1vnych krajov Interakt\u00edvna mapa SmartLabov\" \/>\n<meta property=\"og:url\" content=\"https:\/\/smartlab.cvtisr.sk\/index.php\/smartlaby-na-slovensku\/\" \/>\n<meta property=\"og:site_name\" content=\"SmartLab\" \/>\n<meta property=\"article:modified_time\" content=\"2026-02-26T07:59:38+00:00\" \/>\n<meta name=\"twitter:card\" content=\"summary_large_image\" \/>\n<meta name=\"twitter:label1\" content=\"Predpokladan\u00fd \u010das \u010d\u00edtania\" \/>\n\t<meta name=\"twitter:data1\" content=\"2 min\u00faty\" \/>\n<script type=\"application\/ld+json\" class=\"yoast-schema-graph\">{\"@context\":\"https:\\\/\\\/schema.org\",\"@graph\":[{\"@type\":\"WebPage\",\"@id\":\"https:\\\/\\\/smartlab.cvtisr.sk\\\/index.php\\\/smartlaby-na-slovensku\\\/\",\"url\":\"https:\\\/\\\/smartlab.cvtisr.sk\\\/index.php\\\/smartlaby-na-slovensku\\\/\",\"name\":\"SmartLaby na Slovensku - SmartLab\",\"isPartOf\":{\"@id\":\"https:\\\/\\\/smartlab.cvtisr.sk\\\/#website\"},\"datePublished\":\"2024-03-12T10:37:54+00:00\",\"dateModified\":\"2026-02-26T07:59:38+00:00\",\"breadcrumb\":{\"@id\":\"https:\\\/\\\/smartlab.cvtisr.sk\\\/index.php\\\/smartlaby-na-slovensku\\\/#breadcrumb\"},\"inLanguage\":\"sk-SK\",\"potentialAction\":[{\"@type\":\"ReadAction\",\"target\":[\"https:\\\/\\\/smartlab.cvtisr.sk\\\/index.php\\\/smartlaby-na-slovensku\\\/\"]}]},{\"@type\":\"BreadcrumbList\",\"@id\":\"https:\\\/\\\/smartlab.cvtisr.sk\\\/index.php\\\/smartlaby-na-slovensku\\\/#breadcrumb\",\"itemListElement\":[{\"@type\":\"ListItem\",\"position\":1,\"name\":\"Home\",\"item\":\"https:\\\/\\\/smartlab.cvtisr.sk\\\/\"},{\"@type\":\"ListItem\",\"position\":2,\"name\":\"SmartLaby na Slovensku\"}]},{\"@type\":\"WebSite\",\"@id\":\"https:\\\/\\\/smartlab.cvtisr.sk\\\/#website\",\"url\":\"https:\\\/\\\/smartlab.cvtisr.sk\\\/\",\"name\":\"SmartLab\",\"description\":\"\",\"publisher\":{\"@id\":\"https:\\\/\\\/smartlab.cvtisr.sk\\\/#organization\"},\"potentialAction\":[{\"@type\":\"SearchAction\",\"target\":{\"@type\":\"EntryPoint\",\"urlTemplate\":\"https:\\\/\\\/smartlab.cvtisr.sk\\\/?s={search_term_string}\"},\"query-input\":{\"@type\":\"PropertyValueSpecification\",\"valueRequired\":true,\"valueName\":\"search_term_string\"}}],\"inLanguage\":\"sk-SK\"},{\"@type\":\"Organization\",\"@id\":\"https:\\\/\\\/smartlab.cvtisr.sk\\\/#organization\",\"name\":\"SmartLab\",\"url\":\"https:\\\/\\\/smartlab.cvtisr.sk\\\/\",\"logo\":{\"@type\":\"ImageObject\",\"inLanguage\":\"sk-SK\",\"@id\":\"https:\\\/\\\/smartlab.cvtisr.sk\\\/#\\\/schema\\\/logo\\\/image\\\/\",\"url\":\"https:\\\/\\\/smartlab.cvtisr.sk\\\/wp-content\\\/uploads\\\/2025\\\/01\\\/smartlab_logo_tag.png\",\"contentUrl\":\"https:\\\/\\\/smartlab.cvtisr.sk\\\/wp-content\\\/uploads\\\/2025\\\/01\\\/smartlab_logo_tag.png\",\"width\":434,\"height\":115,\"caption\":\"SmartLab\"},\"image\":{\"@id\":\"https:\\\/\\\/smartlab.cvtisr.sk\\\/#\\\/schema\\\/logo\\\/image\\\/\"}}]}<\/script>\n<!-- \/ Yoast SEO plugin. -->","yoast_head_json":{"title":"SmartLaby na Slovensku - SmartLab","robots":{"index":"index","follow":"follow","max-snippet":"max-snippet:-1","max-image-preview":"max-image-preview:large","max-video-preview":"max-video-preview:-1"},"canonical":"https:\/\/smartlab.cvtisr.sk\/index.php\/smartlaby-na-slovensku\/","og_locale":"sk_SK","og_type":"article","og_title":"SmartLaby na Slovensku - SmartLab","og_description":"Zoznam SmartLabov pod\u013ea samospr\u00e1vnych krajov Interakt\u00edvna mapa SmartLabov","og_url":"https:\/\/smartlab.cvtisr.sk\/index.php\/smartlaby-na-slovensku\/","og_site_name":"SmartLab","article_modified_time":"2026-02-26T07:59:38+00:00","twitter_card":"summary_large_image","twitter_misc":{"Predpokladan\u00fd \u010das \u010d\u00edtania":"2 min\u00faty"},"schema":{"@context":"https:\/\/schema.org","@graph":[{"@type":"WebPage","@id":"https:\/\/smartlab.cvtisr.sk\/index.php\/smartlaby-na-slovensku\/","url":"https:\/\/smartlab.cvtisr.sk\/index.php\/smartlaby-na-slovensku\/","name":"SmartLaby na Slovensku - SmartLab","isPartOf":{"@id":"https:\/\/smartlab.cvtisr.sk\/#website"},"datePublished":"2024-03-12T10:37:54+00:00","dateModified":"2026-02-26T07:59:38+00:00","breadcrumb":{"@id":"https:\/\/smartlab.cvtisr.sk\/index.php\/smartlaby-na-slovensku\/#breadcrumb"},"inLanguage":"sk-SK","potentialAction":[{"@type":"ReadAction","target":["https:\/\/smartlab.cvtisr.sk\/index.php\/smartlaby-na-slovensku\/"]}]},{"@type":"BreadcrumbList","@id":"https:\/\/smartlab.cvtisr.sk\/index.php\/smartlaby-na-slovensku\/#breadcrumb","itemListElement":[{"@type":"ListItem","position":1,"name":"Home","item":"https:\/\/smartlab.cvtisr.sk\/"},{"@type":"ListItem","position":2,"name":"SmartLaby na Slovensku"}]},{"@type":"WebSite","@id":"https:\/\/smartlab.cvtisr.sk\/#website","url":"https:\/\/smartlab.cvtisr.sk\/","name":"SmartLab","description":"","publisher":{"@id":"https:\/\/smartlab.cvtisr.sk\/#organization"},"potentialAction":[{"@type":"SearchAction","target":{"@type":"EntryPoint","urlTemplate":"https:\/\/smartlab.cvtisr.sk\/?s={search_term_string}"},"query-input":{"@type":"PropertyValueSpecification","valueRequired":true,"valueName":"search_term_string"}}],"inLanguage":"sk-SK"},{"@type":"Organization","@id":"https:\/\/smartlab.cvtisr.sk\/#organization","name":"SmartLab","url":"https:\/\/smartlab.cvtisr.sk\/","logo":{"@type":"ImageObject","inLanguage":"sk-SK","@id":"https:\/\/smartlab.cvtisr.sk\/#\/schema\/logo\/image\/","url":"https:\/\/smartlab.cvtisr.sk\/wp-content\/uploads\/2025\/01\/smartlab_logo_tag.png","contentUrl":"https:\/\/smartlab.cvtisr.sk\/wp-content\/uploads\/2025\/01\/smartlab_logo_tag.png","width":434,"height":115,"caption":"SmartLab"},"image":{"@id":"https:\/\/smartlab.cvtisr.sk\/#\/schema\/logo\/image\/"}}]}},"_links":{"self":[{"href":"https:\/\/smartlab.cvtisr.sk\/index.php\/wp-json\/wp\/v2\/pages\/126","targetHints":{"allow":["GET"]}}],"collection":[{"href":"https:\/\/smartlab.cvtisr.sk\/index.php\/wp-json\/wp\/v2\/pages"}],"about":[{"href":"https:\/\/smartlab.cvtisr.sk\/index.php\/wp-json\/wp\/v2\/types\/page"}],"author":[{"embeddable":true,"href":"https:\/\/smartlab.cvtisr.sk\/index.php\/wp-json\/wp\/v2\/users\/2"}],"replies":[{"embeddable":true,"href":"https:\/\/smartlab.cvtisr.sk\/index.php\/wp-json\/wp\/v2\/comments?post=126"}],"version-history":[{"count":59,"href":"https:\/\/smartlab.cvtisr.sk\/index.php\/wp-json\/wp\/v2\/pages\/126\/revisions"}],"predecessor-version":[{"id":7026,"href":"https:\/\/smartlab.cvtisr.sk\/index.php\/wp-json\/wp\/v2\/pages\/126\/revisions\/7026"}],"wp:attachment":[{"href":"https:\/\/smartlab.cvtisr.sk\/index.php\/wp-json\/wp\/v2\/media?parent=126"}],"curies":[{"name":"wp","href":"https:\/\/api.w.org\/{rel}","templated":true}]}}