{"id":532,"date":"2024-03-20T11:00:17","date_gmt":"2024-03-20T10:00:17","guid":{"rendered":"https:\/\/smartlab.cvtisr.sk\/?page_id=532"},"modified":"2025-10-02T21:02:33","modified_gmt":"2025-10-02T20:02:33","slug":"kontakt","status":"publish","type":"page","link":"https:\/\/smartlab.cvtisr.sk\/index.php\/kontakt\/","title":{"rendered":"Kontakt"},"content":{"rendered":"\n<div class=\"wp-block-qubely-wrapper qubely-block-ae7186 page_title_gradient\"><div class=\"qubely-block-wrapper-block \">\n<h2 class=\"wp-block-heading has-text-align-center has-palette-color-8-color has-text-color has-link-color wp-elements-dca1f2d350d44af885f56023cd84ba9d\" id=\"kontakt-a-casto-kladene-otazky\" style=\"font-size:clamp(27.894px, 1.743rem + ((1vw - 3.2px) * 1.571), 48px);font-style:normal;font-weight:500\">Kontakt a \u010dasto kladen\u00e9 ot\u00e1zky<\/h2>\n\n\n\n<p class=\"has-text-align-center has-palette-color-8-color has-text-color has-link-color wp-elements-194097c4b927284aa56f406cdf716c02\">M\u00e1te ot\u00e1zky alebo pripomienky? Ste knihovn\u00edk, u\u010dite\u013e, nad\u0161enec alebo h\u013ead\u00e1te konkr\u00e9tne inform\u00e1cie? Kontaktujte n\u00e1s alebo n\u00e1jdite odpove\u010f v \u010dasto kladen\u00fdch ot\u00e1zkach.<\/p>\n<\/div><\/div>\n\n\n\n<div class=\"wp-block-qubely-wrapper qubely-block-7ca43c\"><div class=\"qubely-block-wrapper-block \">\n<div>\n<div class=\"wp-block-qubely-row qubely-section qubely-block-081771\"><div class=\"qubely-row-overlay\"><\/div><div class=\"qubely-container\"><div class=\"qubely-row \">\n<div class=\"wp-block-qubely-column qubely-column qubely-column-front qubely-block-cfb70a\"><div class=\"qubely-column-inner\">\n<p class=\"has-text-align-center\">Odborn\u00fdm garantom a&nbsp;realiz\u00e1torom opatrenia Podporovanie rozvoja inteligentn\u00fdch laborat\u00f3ri\u00ed je:<br><br><strong>Centrum vedecko-technick\u00fdch inform\u00e1cii SR<\/strong><\/p>\n\n\n\n<p class=\"has-text-align-center\">Sekcia N\u00e1rodn\u00e1 vedeck\u00e1 kni\u017enica<br>Lama\u010dsk\u00e1 cesta 8A<br>811 04 Bratislava<br><a href=\"https:\/\/www.cvtisr.sk\/\" target=\"_blank\" rel=\"noreferrer noopener\">cvtisr.sk<\/a><\/p>\n<\/div><\/div>\n\n\n\n<div class=\"wp-block-qubely-column qubely-column qubely-column-front qubely-block-bb32a3\"><div class=\"qubely-column-inner\">\n<p class=\"has-text-align-center\">Zodpovedn\u00e1 osoba: <br>Mgr. D\u00e1vid Baranko; <a href=\"mailto:david.baranko@cvtisr.sk\">david.baranko@cvtisr.sk<\/a>; +421 918 888 691<\/p>\n\n\n\n<p class=\"has-text-align-center\"><br>V&nbsp;pr\u00edpade ot\u00e1zok na konkr\u00e9tne podujatia, vybavenie, z\u00e1ujem o&nbsp;n\u00e1v\u0161tevu SmartLabu kontaktujte Va\u0161u&nbsp;<a href=\"https:\/\/smartlab.cvtisr.sk\/index.php\/smartlaby-na-slovensku\/\" target=\"_blank\" rel=\"noreferrer noopener\">miestnu kni\u017enicu<\/a>.<\/p>\n\n\n\n<p class=\"has-text-align-center\"><\/p>\n\n\n\n<div class=\"wp-block-greenshift-blocks-image gspb_image gspb_image-id-gsbp-978b969 alignwide\" id=\"gspb_image-id-gsbp-978b969\"><img decoding=\"async\" src=\"https:\/\/smartlab.cvtisr.sk\/wp-content\/uploads\/2025\/04\/cvti_ministerstvo_25.png\" data-src=\"\" alt=\"\" loading=\"lazy\" width=\"298\" height=\"85\"\/><\/div>\n<\/div><\/div>\n<\/div><\/div><\/div>\n<\/div>\n<\/div><\/div>\n\n\n\n<div class=\"wp-block-qubely-row qubely-section qubely-block-24a23e\"><div class=\"qubely-row-overlay\"><\/div><div class=\"qubely-container\"><div class=\"qubely-row \">\n<div class=\"wp-block-qubely-column qubely-column qubely-column-front qubely-block-104ab5\"><div class=\"qubely-column-inner\">\n<h2 class=\"wp-block-heading has-text-align-center\" id=\"casto-kladene-otazky\" style=\"font-style:normal;font-weight:500\">\u010casto kladen\u00e9 ot\u00e1zky<\/h2>\n\n\n\n<div class=\"qubely-block-accordion  qubely-block-158389\" data-item-toggle=\"true\">\n<div class=\"wp-block-qubely-accordion-item qubely-block-69c08e\"><div class=\"qubely-accordion-item qubely-type-fill false\"><div class=\"qubely-accordion-panel qubely-icon-position-right\"><span class=\"qubely-accordion-panel-handler\" role=\"button\"><span class=\"qubely-accordion-panel-handler-label\"><strong>\u010co je SmartLab?<\/strong><\/span><span class=\"qubely-accordion-icon fa fa-plus\"><\/span><\/span><\/div><div class=\"qubely-accordion-body\"><div itemprop=\"text\">\n<p>Inteligentn\u00e9 laborat\u00f3rium (skr\u00e1tene SmartLab) je n\u00e1zov pre priestor kni\u017enice alebo&nbsp;zostavu vybavenia, ktor\u00e9 sl\u00fa\u017eia na z\u00e1\u017eitkov\u00e9 vzdel\u00e1vanie v&nbsp;STEAM oblastiach (veda, technika, in\u017einierstvo, umenie, matematika) a&nbsp;poskytovanie nov\u00fdch slu\u017eieb pre verejnos\u0165.<\/p>\n<\/div><\/div><\/div><\/div>\n\n\n\n<div class=\"wp-block-qubely-accordion-item qubely-block-9b8ce8\"><div class=\"qubely-accordion-item qubely-type-fill false\"><div class=\"qubely-accordion-panel qubely-icon-position-right\"><span class=\"qubely-accordion-panel-handler\" role=\"button\"><span class=\"qubely-accordion-panel-handler-label\"><strong>\u010co n\u00e1jdem v\u00a0Smartlabe?<\/strong><\/span><span class=\"qubely-accordion-icon fa fa-plus\"><\/span><\/span><\/div><div class=\"qubely-accordion-body\"><div itemprop=\"text\">\n<p>V&nbsp;SmartLabe n\u00e1jdete vybavenie, ktor\u00e9 mo\u017eno rozdeli\u0165 do dvoch z\u00e1kladn\u00fdch kateg\u00f3ri\u00ed:<\/p>\n\n\n\n<ol class=\"wp-block-list\">\n<li>V\u00fdrobn\u00e9 technol\u00f3gie ur\u010den\u00e9 na tvorbu modelov, prototypovanie, podporu mal\u00fdch projektov \u010di v\u00fdrobu r\u00f4znych predmetov pre \u0161irok\u00fa verejnos\u0165.<\/li>\n\n\n\n<li>Eduka\u010dn\u00e9 pom\u00f4cky na z\u00e1\u017eitkov\u00e9 vzdel\u00e1vanie v&nbsp;oblasti robotiky,&nbsp;programovania a&nbsp;in\u00fdch digit\u00e1lnych zru\u010dnost\u00ed.<\/li>\n<\/ol>\n\n\n\n<p>Zoznam a&nbsp;popis a&nbsp;vybavenia n\u00e1jdete na str\u00e1nke <a href=\"https:\/\/smartlab.cvtisr.sk\/index.php\/vybavenie\/\">Vybavenie<\/a>.<\/p>\n<\/div><\/div><\/div><\/div>\n\n\n\n<div class=\"wp-block-qubely-accordion-item qubely-block-479b80\"><div class=\"qubely-accordion-item qubely-type-fill false\"><div class=\"qubely-accordion-panel qubely-icon-position-right\"><span class=\"qubely-accordion-panel-handler\" role=\"button\"><span class=\"qubely-accordion-panel-handler-label\"><strong>Kto m\u00f4\u017ee nav\u0161t\u00edvi\u0165 SmartLab?<\/strong><\/span><span class=\"qubely-accordion-icon fa fa-plus\"><\/span><\/span><\/div><div class=\"qubely-accordion-body\"><div itemprop=\"text\">\n<p>Cie\u013eom SmartLabu je podpora digit\u00e1lnych zru\u010dnost\u00ed najm\u00e4 u&nbsp;det\u00ed a&nbsp;ml\u00e1de\u017ee, no v\u00edtan\u00e1 je aj \u0161irok\u00e1 verejnos\u0165. Podmienky vyu\u017e\u00edvania SmartLabu si stanovuje ka\u017ed\u00e1 kni\u017enica individu\u00e1lne, v\u0161eobecne v\u0161ak plat\u00ed, \u017ee n\u00e1v\u0161tevn\u00edk by mal by\u0165 registrovan\u00fdm pou\u017e\u00edvate\u013eom danej kni\u017enice. V&nbsp;pr\u00edpade ot\u00e1zok o&nbsp;podmienkach n\u00e1v\u0161tevy a&nbsp;vyu\u017eitia SmartLabu <a href=\"https:\/\/smartlab.cvtisr.sk\/index.php\/smartlaby-na-slovensku\/\">kontaktujte kni\u017enicu vo Va\u0161om okol\u00ed<\/a>.<\/p>\n<\/div><\/div><\/div><\/div>\n\n\n\n<div class=\"wp-block-qubely-accordion-item qubely-block-797b06\"><div class=\"qubely-accordion-item qubely-type-fill false\"><div class=\"qubely-accordion-panel qubely-icon-position-right\"><span class=\"qubely-accordion-panel-handler\" role=\"button\"><span class=\"qubely-accordion-panel-handler-label\"><strong>Kde n\u00e1jdem SmartLab?<\/strong><\/span><span class=\"qubely-accordion-icon fa fa-plus\"><\/span><\/span><\/div><div class=\"qubely-accordion-body\"><div itemprop=\"text\">\n<p>SmartLaby sa nach\u00e1dzaj\u00fa v&nbsp;50 verejn\u00fdch kni\u017eniciach v&nbsp;r\u00e1mci 46 okresoch, v\u010faka \u010domu s\u00fa rovnomerne rozlo\u017een\u00e9 po celom Slovensku a&nbsp;dostupn\u00e9 pre kohoko\u013evek. Zoznam jednotliv\u00fdch Smartlabov aj s&nbsp;interakt\u00edvnou mapou n\u00e1jdete na str\u00e1nke <a href=\"https:\/\/smartlab.cvtisr.sk\/index.php\/smartlaby-na-slovensku\/\">SmartLaby na Slovensku<\/a>.<\/p>\n<\/div><\/div><\/div><\/div>\n\n\n\n<div class=\"wp-block-qubely-accordion-item qubely-block-ce9055\"><div class=\"qubely-accordion-item qubely-type-fill false\"><div class=\"qubely-accordion-panel qubely-icon-position-right\"><span class=\"qubely-accordion-panel-handler\" role=\"button\"><span class=\"qubely-accordion-panel-handler-label\"><strong>Pre\u010do je SmartLab v\u00a0kni\u017enici?<\/strong><\/span><span class=\"qubely-accordion-icon fa fa-plus\"><\/span><\/span><\/div><div class=\"qubely-accordion-body\"><div itemprop=\"text\">\n<p>Kreat\u00edvna diel\u0148a a kni\u017enica maj\u00fa nieko\u013eko spolo\u010dn\u00fdch vlastnost\u00ed, ako je <strong>otvorenos\u0165, zdie\u013eanie vec\u00ed, komunitn\u00fd aspekt \u010di podpora vzdel\u00e1vania<\/strong>. Budovanie kreat\u00edvnych dieln\u00ed v kni\u017eniciach je preto prirodzen\u00fd proces. V zahrani\u010d\u00ed s\u00fa u\u017e kreat\u00edvne dielne be\u017enou s\u00fa\u010das\u0165ou kni\u017en\u00edc, \u010do prin\u00e1\u0161a mno\u017estvo v\u00fdhod.<\/p>\n\n\n\n<p>Kni\u017enice, ako otvoren\u00e9 miesta pre \u0161irok\u00fa verejnos\u0165 tak predstavuj\u00fa ide\u00e1lne miesta pre kreat\u00edvnu diel\u0148u. M\u00f4\u017eu poskytova\u0165 nov\u00e9, inovat\u00edvne slu\u017eby, vzdel\u00e1va\u0165 v nov\u00fdch aktu\u00e1lnych oblastiach a sta\u0165 sa s\u00fa\u010das\u0165ou ob\u010dianskej vybavenosti.<\/p>\n<\/div><\/div><\/div><\/div>\n\n\n\n<div class=\"wp-block-qubely-accordion-item qubely-block-aedc45\"><div class=\"qubely-accordion-item qubely-type-fill false\"><div class=\"qubely-accordion-panel qubely-icon-position-right\"><span class=\"qubely-accordion-panel-handler\" role=\"button\"><span class=\"qubely-accordion-panel-handler-label\"><strong>Ako to v\u00a0SmartLabe vyzer\u00e1?<\/strong><\/span><span class=\"qubely-accordion-icon fa fa-plus\"><\/span><\/span><\/div><div class=\"qubely-accordion-body\"><div itemprop=\"text\">\n<p>Nako\u013eko sa ka\u017ed\u00fd SmartLab nach\u00e1dza v inej verejnej kni\u017enici, ka\u017ed\u00fd vyzer\u00e1 inak, \u010do mu v\u0161ak prid\u00e1va originalitu a jedine\u010dnos\u0165. Ka\u017ed\u00fd priestor je prisp\u00f4soben\u00fd svojim priestorov\u00fdm mo\u017enostiam a potreb\u00e1m svojich pou\u017e\u00edvate\u013eov. Fotografie z vybran\u00fdch priestorov, workshopov \u010di vyroben\u00fdch produktov n\u00e1jdete vo fotogal\u00e9rii na na\u0161ej <a href=\"https:\/\/smartlab.cvtisr.sk\/index.php\/fotogaleria\/\">webovej str\u00e1nke<\/a>. T\u00fdmto sp\u00f4sobom si m\u00f4\u017eete urobi\u0165 predstavu o tom, ako jednotliv\u00e9 SmartLaby vyzeraj\u00fa a \u010do v\u0161etko pon\u00fakaj\u00fa. Pre viac inform\u00e1ci\u00ed alebo n\u00e1v\u0161tevu konkr\u00e9tneho SmartLabu odpor\u00fa\u010dame kontaktova\u0165 <a href=\"https:\/\/smartlab.cvtisr.sk\/index.php\/smartlaby-na-slovensku\/\">va\u0161u miestnu kni\u017enicu<\/a>.<\/p>\n<\/div><\/div><\/div><\/div>\n\n\n\n<div class=\"wp-block-qubely-accordion-item qubely-block-eb3b6a\"><div class=\"qubely-accordion-item qubely-type-fill false\"><div class=\"qubely-accordion-panel qubely-icon-position-right\"><span class=\"qubely-accordion-panel-handler\" role=\"button\"><span class=\"qubely-accordion-panel-handler-label\"><strong>Ak\u00e9 vzdel\u00e1vacie podujatia sa realizuj\u00fa v\u00a0SmartLabe?<\/strong><\/span><span class=\"qubely-accordion-icon fa fa-plus\"><\/span><\/span><\/div><div class=\"qubely-accordion-body\"><div itemprop=\"text\">\n<p>Kni\u017enice realizuj\u00fa r\u00f4zne podujatia vo svojich SmartLaboch, sp\u00e1ja ich v\u0161ak jedno \u2013 podpora kreativity a&nbsp;vzbudzovanie z\u00e1ujmu o&nbsp;STEAM oblasti (veda, technika, in\u017einierstvo, umenie a&nbsp;matematika). Na str\u00e1nke vzdel\u00e1vac\u00edch <a href=\"https:\/\/smartlab.cvtisr.sk\/index.php\/aktivity\/\">aktiv\u00edt<\/a> n\u00e1jdete vzorov\u00e9 podujatia, ktor\u00e9 je mo\u017en\u00e9 v&nbsp;SmartLabe realizova\u0165. Na str\u00e1nke <a href=\"https:\/\/smartlab.cvtisr.sk\/index.php\/podujatia\/\">Podujatia<\/a> n\u00e1jdete konkr\u00e9tne aktivity kni\u017en\u00edc, na ktor\u00e9 sa m\u00f4\u017eete aj prihl\u00e1si\u0165. Ak V\u00e1s zauj\u00edmaj\u00fa aktivity konkr\u00e9tnej kni\u017enice vo Va\u0161om okol\u00ed, odpor\u00fa\u010dam kontaktova\u0165 <a href=\"https:\/\/smartlab.cvtisr.sk\/index.php\/smartlaby-na-slovensku\/\">va\u0161u miestnu kni\u017enicu<\/a> alebo nav\u0161t\u00edvi\u0165 ich webov\u00fa str\u00e1nku.<\/p>\n<\/div><\/div><\/div><\/div>\n\n\n\n<div class=\"wp-block-qubely-accordion-item qubely-block-94c2a2\"><div class=\"qubely-accordion-item qubely-type-fill false\"><div class=\"qubely-accordion-panel qubely-icon-position-right\"><span class=\"qubely-accordion-panel-handler\" role=\"button\"><span class=\"qubely-accordion-panel-handler-label\"><strong>Chcem si nie\u010do vyrobi\u0165 alebo absolvova\u0165 workshop \u2013 ako na to a\u00a0ko\u013eko ma to bude st\u00e1\u0165?<\/strong><\/span><span class=\"qubely-accordion-icon fa fa-plus\"><\/span><\/span><\/div><div class=\"qubely-accordion-body\"><div itemprop=\"text\">\n<p>Prev\u00e1dzku SmartLabu a&nbsp;realiz\u00e1ciu vzdel\u00e1vac\u00edch podujat\u00ed realizuje ka\u017ed\u00e1 kni\u017enica individu\u00e1lne pod\u013ea svojich priestorov\u00fdch, person\u00e1lnych a finan\u010dn\u00fdch kapac\u00edt. Inform\u00e1cie o&nbsp;mo\u017enostiach v\u00fdroby, pon\u00fakan\u00fdch workshopoch, term\u00ednoch a cen\u00e1ch n\u00e1jdete na <a href=\"https:\/\/smartlab.cvtisr.sk\/index.php\/smartlaby-na-slovensku\/\">webov\u00fdch str\u00e1nkach konkr\u00e9tnej kni\u017enice<\/a> alebo sa m\u00f4\u017eete obr\u00e1ti\u0165 priamo na person\u00e1l danej kni\u017enice. Vybran\u00e9 kurzy, workshopy, t\u00e1bory \u010di otvoren\u00e9 dielne ur\u010den\u00e9 pre \u0161irok\u00fa verejnos\u0165, ktor\u00e9 kni\u017enice organizuj\u00fa, n\u00e1jdete tie\u017e na str\u00e1nke <a href=\"https:\/\/smartlab.cvtisr.sk\/index.php\/podujatia\/\">Podujatia<\/a>.<\/p>\n<\/div><\/div><\/div><\/div>\n\n\n\n<div class=\"wp-block-qubely-accordion-item qubely-block-7defaf\"><div class=\"qubely-accordion-item qubely-type-fill false\"><div class=\"qubely-accordion-panel qubely-icon-position-right\"><span class=\"qubely-accordion-panel-handler\" role=\"button\"><span class=\"qubely-accordion-panel-handler-label\"><strong>Kto stoj\u00ed za SmartLabmi?<\/strong><\/span><span class=\"qubely-accordion-icon fa fa-plus\"><\/span><\/span><\/div><div class=\"qubely-accordion-body\"><div itemprop=\"text\">\n<p>Za my\u0161lienkou budovania kreat\u00edvnych dieln\u00ed vo verejn\u00fdch kni\u017eniciach stoj\u00ed <a href=\"https:\/\/nvk.cvtisr.sk\/\">vedeck\u00e1 kni\u017enica Centra vedecko-technick\u00fdch inform\u00e1ci\u00ed SR<\/a> (CVTI SR). T\u00e1 od roku 2021 akt\u00edvne podporuje budovanie kreat\u00edvnych dieln\u00ed a <a href=\"https:\/\/nvk.cvtisr.sk\/v-zakladnom-programovani-a-3d-tlaci-skolia-uz-aj-knihovnici-z-projektu-partnerskych-kniznic-cvti-sr\/\">digit\u00e1lne zru\u010dnosti<\/a> knihovn\u00edkov ako jednu z aktiv\u00edt konzorcia <a href=\"https:\/\/kniznicepreslovensko.cvtisr.sk\/\">Kni\u017enice pre Slovensko<\/a>.<\/p>\n\n\n\n<p>SmartLaby v&nbsp;50 verejn\u00fdch kni\u017eniciach na Slovensku vznikli v\u010faka opatreniu Podporovanie rozvoja inteligentn\u00fdch laborat\u00f3ri\u00ed v&nbsp;kni\u017eniciach, ktor\u00e9 je s\u00fa\u010das\u0165ou <a href=\"https:\/\/vaia.gov.sk\/sk\/narodna-strategia-vyskumu-vyvoja-a-inovacii-2\/\">Ak\u010dn\u00e9ho pl\u00e1nu N\u00e1rodnej strat\u00e9gie v\u00fdskumu, v\u00fdvoja a inov\u00e1ci\u00ed 2030<\/a>.<\/p>\n<\/div><\/div><\/div><\/div>\n<\/div>\n<\/div><\/div>\n<\/div><\/div><\/div>\n","protected":false},"excerpt":{"rendered":"","protected":false},"author":2,"featured_media":0,"parent":0,"menu_order":0,"comment_status":"closed","ping_status":"closed","template":"","meta":{"qubely_global_settings":"","qubely_interactions":"","_gspb_post_css":"#gspb_image-id-gsbp-978b969 img{object-position:42% 44%;vertical-align:top;display:inline-block;box-sizing:border-box;max-width:100%;height:auto}#gspb_image-id-gsbp-978b969{margin-top:0;margin-right:20%;margin-left:30%}","footnotes":""},"class_list":["post-532","page","type-page","status-publish","hentry"],"blocksy_meta":[],"yoast_head":"<!-- This site is optimized with the Yoast SEO plugin v27.6 - https:\/\/yoast.com\/product\/yoast-seo-wordpress\/ -->\n<title>Kontakt - SmartLab<\/title>\n<meta name=\"description\" content=\"M\u00e1te ot\u00e1zky alebo pripomienky? Ste knihovn\u00edk, u\u010dite\u013e, nad\u0161enec alebo h\u013ead\u00e1te konkr\u00e9tne inform\u00e1cie? Kontaktujte n\u00e1s!\" \/>\n<meta name=\"robots\" content=\"index, follow, max-snippet:-1, max-image-preview:large, max-video-preview:-1\" \/>\n<link rel=\"canonical\" href=\"https:\/\/smartlab.cvtisr.sk\/index.php\/kontakt\/\" \/>\n<meta property=\"og:locale\" content=\"sk_SK\" \/>\n<meta property=\"og:type\" content=\"article\" \/>\n<meta property=\"og:title\" content=\"Kontakt - SmartLab\" \/>\n<meta property=\"og:description\" content=\"M\u00e1te ot\u00e1zky alebo pripomienky? Ste knihovn\u00edk, u\u010dite\u013e, nad\u0161enec alebo h\u013ead\u00e1te konkr\u00e9tne inform\u00e1cie? Kontaktujte n\u00e1s!\" \/>\n<meta property=\"og:url\" content=\"https:\/\/smartlab.cvtisr.sk\/index.php\/kontakt\/\" \/>\n<meta property=\"og:site_name\" content=\"SmartLab\" \/>\n<meta property=\"article:modified_time\" content=\"2025-10-02T20:02:33+00:00\" \/>\n<meta property=\"og:image\" content=\"https:\/\/smartlab.cvtisr.sk\/wp-content\/uploads\/2025\/04\/cvti_ministerstvo_25.png\" \/>\n<meta name=\"twitter:card\" content=\"summary_large_image\" \/>\n<meta name=\"twitter:label1\" content=\"Predpokladan\u00fd \u010das \u010d\u00edtania\" \/>\n\t<meta name=\"twitter:data1\" content=\"4 min\u00faty\" \/>\n<script type=\"application\/ld+json\" class=\"yoast-schema-graph\">{\"@context\":\"https:\\\/\\\/schema.org\",\"@graph\":[{\"@type\":\"WebPage\",\"@id\":\"https:\\\/\\\/smartlab.cvtisr.sk\\\/index.php\\\/kontakt\\\/\",\"url\":\"https:\\\/\\\/smartlab.cvtisr.sk\\\/index.php\\\/kontakt\\\/\",\"name\":\"Kontakt - SmartLab\",\"isPartOf\":{\"@id\":\"https:\\\/\\\/smartlab.cvtisr.sk\\\/#website\"},\"primaryImageOfPage\":{\"@id\":\"https:\\\/\\\/smartlab.cvtisr.sk\\\/index.php\\\/kontakt\\\/#primaryimage\"},\"image\":{\"@id\":\"https:\\\/\\\/smartlab.cvtisr.sk\\\/index.php\\\/kontakt\\\/#primaryimage\"},\"thumbnailUrl\":\"https:\\\/\\\/smartlab.cvtisr.sk\\\/wp-content\\\/uploads\\\/2025\\\/04\\\/cvti_ministerstvo_25.png\",\"datePublished\":\"2024-03-20T10:00:17+00:00\",\"dateModified\":\"2025-10-02T20:02:33+00:00\",\"description\":\"M\u00e1te ot\u00e1zky alebo pripomienky? Ste knihovn\u00edk, u\u010dite\u013e, nad\u0161enec alebo h\u013ead\u00e1te konkr\u00e9tne inform\u00e1cie? Kontaktujte n\u00e1s!\",\"breadcrumb\":{\"@id\":\"https:\\\/\\\/smartlab.cvtisr.sk\\\/index.php\\\/kontakt\\\/#breadcrumb\"},\"inLanguage\":\"sk-SK\",\"potentialAction\":[{\"@type\":\"ReadAction\",\"target\":[\"https:\\\/\\\/smartlab.cvtisr.sk\\\/index.php\\\/kontakt\\\/\"]}]},{\"@type\":\"ImageObject\",\"inLanguage\":\"sk-SK\",\"@id\":\"https:\\\/\\\/smartlab.cvtisr.sk\\\/index.php\\\/kontakt\\\/#primaryimage\",\"url\":\"https:\\\/\\\/smartlab.cvtisr.sk\\\/wp-content\\\/uploads\\\/2025\\\/04\\\/cvti_ministerstvo_25.png\",\"contentUrl\":\"https:\\\/\\\/smartlab.cvtisr.sk\\\/wp-content\\\/uploads\\\/2025\\\/04\\\/cvti_ministerstvo_25.png\",\"width\":298,\"height\":85},{\"@type\":\"BreadcrumbList\",\"@id\":\"https:\\\/\\\/smartlab.cvtisr.sk\\\/index.php\\\/kontakt\\\/#breadcrumb\",\"itemListElement\":[{\"@type\":\"ListItem\",\"position\":1,\"name\":\"Home\",\"item\":\"https:\\\/\\\/smartlab.cvtisr.sk\\\/\"},{\"@type\":\"ListItem\",\"position\":2,\"name\":\"Kontakt\"}]},{\"@type\":\"WebSite\",\"@id\":\"https:\\\/\\\/smartlab.cvtisr.sk\\\/#website\",\"url\":\"https:\\\/\\\/smartlab.cvtisr.sk\\\/\",\"name\":\"SmartLab\",\"description\":\"\",\"publisher\":{\"@id\":\"https:\\\/\\\/smartlab.cvtisr.sk\\\/#organization\"},\"potentialAction\":[{\"@type\":\"SearchAction\",\"target\":{\"@type\":\"EntryPoint\",\"urlTemplate\":\"https:\\\/\\\/smartlab.cvtisr.sk\\\/?s={search_term_string}\"},\"query-input\":{\"@type\":\"PropertyValueSpecification\",\"valueRequired\":true,\"valueName\":\"search_term_string\"}}],\"inLanguage\":\"sk-SK\"},{\"@type\":\"Organization\",\"@id\":\"https:\\\/\\\/smartlab.cvtisr.sk\\\/#organization\",\"name\":\"SmartLab\",\"url\":\"https:\\\/\\\/smartlab.cvtisr.sk\\\/\",\"logo\":{\"@type\":\"ImageObject\",\"inLanguage\":\"sk-SK\",\"@id\":\"https:\\\/\\\/smartlab.cvtisr.sk\\\/#\\\/schema\\\/logo\\\/image\\\/\",\"url\":\"https:\\\/\\\/smartlab.cvtisr.sk\\\/wp-content\\\/uploads\\\/2025\\\/01\\\/smartlab_logo_tag.png\",\"contentUrl\":\"https:\\\/\\\/smartlab.cvtisr.sk\\\/wp-content\\\/uploads\\\/2025\\\/01\\\/smartlab_logo_tag.png\",\"width\":434,\"height\":115,\"caption\":\"SmartLab\"},\"image\":{\"@id\":\"https:\\\/\\\/smartlab.cvtisr.sk\\\/#\\\/schema\\\/logo\\\/image\\\/\"}}]}<\/script>\n<!-- \/ Yoast SEO plugin. -->","yoast_head_json":{"title":"Kontakt - SmartLab","description":"M\u00e1te ot\u00e1zky alebo pripomienky? Ste knihovn\u00edk, u\u010dite\u013e, nad\u0161enec alebo h\u013ead\u00e1te konkr\u00e9tne inform\u00e1cie? Kontaktujte n\u00e1s!","robots":{"index":"index","follow":"follow","max-snippet":"max-snippet:-1","max-image-preview":"max-image-preview:large","max-video-preview":"max-video-preview:-1"},"canonical":"https:\/\/smartlab.cvtisr.sk\/index.php\/kontakt\/","og_locale":"sk_SK","og_type":"article","og_title":"Kontakt - SmartLab","og_description":"M\u00e1te ot\u00e1zky alebo pripomienky? Ste knihovn\u00edk, u\u010dite\u013e, nad\u0161enec alebo h\u013ead\u00e1te konkr\u00e9tne inform\u00e1cie? Kontaktujte n\u00e1s!","og_url":"https:\/\/smartlab.cvtisr.sk\/index.php\/kontakt\/","og_site_name":"SmartLab","article_modified_time":"2025-10-02T20:02:33+00:00","og_image":[{"url":"https:\/\/smartlab.cvtisr.sk\/wp-content\/uploads\/2025\/04\/cvti_ministerstvo_25.png","type":"","width":"","height":""}],"twitter_card":"summary_large_image","twitter_misc":{"Predpokladan\u00fd \u010das \u010d\u00edtania":"4 min\u00faty"},"schema":{"@context":"https:\/\/schema.org","@graph":[{"@type":"WebPage","@id":"https:\/\/smartlab.cvtisr.sk\/index.php\/kontakt\/","url":"https:\/\/smartlab.cvtisr.sk\/index.php\/kontakt\/","name":"Kontakt - SmartLab","isPartOf":{"@id":"https:\/\/smartlab.cvtisr.sk\/#website"},"primaryImageOfPage":{"@id":"https:\/\/smartlab.cvtisr.sk\/index.php\/kontakt\/#primaryimage"},"image":{"@id":"https:\/\/smartlab.cvtisr.sk\/index.php\/kontakt\/#primaryimage"},"thumbnailUrl":"https:\/\/smartlab.cvtisr.sk\/wp-content\/uploads\/2025\/04\/cvti_ministerstvo_25.png","datePublished":"2024-03-20T10:00:17+00:00","dateModified":"2025-10-02T20:02:33+00:00","description":"M\u00e1te ot\u00e1zky alebo pripomienky? Ste knihovn\u00edk, u\u010dite\u013e, nad\u0161enec alebo h\u013ead\u00e1te konkr\u00e9tne inform\u00e1cie? Kontaktujte n\u00e1s!","breadcrumb":{"@id":"https:\/\/smartlab.cvtisr.sk\/index.php\/kontakt\/#breadcrumb"},"inLanguage":"sk-SK","potentialAction":[{"@type":"ReadAction","target":["https:\/\/smartlab.cvtisr.sk\/index.php\/kontakt\/"]}]},{"@type":"ImageObject","inLanguage":"sk-SK","@id":"https:\/\/smartlab.cvtisr.sk\/index.php\/kontakt\/#primaryimage","url":"https:\/\/smartlab.cvtisr.sk\/wp-content\/uploads\/2025\/04\/cvti_ministerstvo_25.png","contentUrl":"https:\/\/smartlab.cvtisr.sk\/wp-content\/uploads\/2025\/04\/cvti_ministerstvo_25.png","width":298,"height":85},{"@type":"BreadcrumbList","@id":"https:\/\/smartlab.cvtisr.sk\/index.php\/kontakt\/#breadcrumb","itemListElement":[{"@type":"ListItem","position":1,"name":"Home","item":"https:\/\/smartlab.cvtisr.sk\/"},{"@type":"ListItem","position":2,"name":"Kontakt"}]},{"@type":"WebSite","@id":"https:\/\/smartlab.cvtisr.sk\/#website","url":"https:\/\/smartlab.cvtisr.sk\/","name":"SmartLab","description":"","publisher":{"@id":"https:\/\/smartlab.cvtisr.sk\/#organization"},"potentialAction":[{"@type":"SearchAction","target":{"@type":"EntryPoint","urlTemplate":"https:\/\/smartlab.cvtisr.sk\/?s={search_term_string}"},"query-input":{"@type":"PropertyValueSpecification","valueRequired":true,"valueName":"search_term_string"}}],"inLanguage":"sk-SK"},{"@type":"Organization","@id":"https:\/\/smartlab.cvtisr.sk\/#organization","name":"SmartLab","url":"https:\/\/smartlab.cvtisr.sk\/","logo":{"@type":"ImageObject","inLanguage":"sk-SK","@id":"https:\/\/smartlab.cvtisr.sk\/#\/schema\/logo\/image\/","url":"https:\/\/smartlab.cvtisr.sk\/wp-content\/uploads\/2025\/01\/smartlab_logo_tag.png","contentUrl":"https:\/\/smartlab.cvtisr.sk\/wp-content\/uploads\/2025\/01\/smartlab_logo_tag.png","width":434,"height":115,"caption":"SmartLab"},"image":{"@id":"https:\/\/smartlab.cvtisr.sk\/#\/schema\/logo\/image\/"}}]}},"_links":{"self":[{"href":"https:\/\/smartlab.cvtisr.sk\/index.php\/wp-json\/wp\/v2\/pages\/532","targetHints":{"allow":["GET"]}}],"collection":[{"href":"https:\/\/smartlab.cvtisr.sk\/index.php\/wp-json\/wp\/v2\/pages"}],"about":[{"href":"https:\/\/smartlab.cvtisr.sk\/index.php\/wp-json\/wp\/v2\/types\/page"}],"author":[{"embeddable":true,"href":"https:\/\/smartlab.cvtisr.sk\/index.php\/wp-json\/wp\/v2\/users\/2"}],"replies":[{"embeddable":true,"href":"https:\/\/smartlab.cvtisr.sk\/index.php\/wp-json\/wp\/v2\/comments?post=532"}],"version-history":[{"count":69,"href":"https:\/\/smartlab.cvtisr.sk\/index.php\/wp-json\/wp\/v2\/pages\/532\/revisions"}],"predecessor-version":[{"id":4015,"href":"https:\/\/smartlab.cvtisr.sk\/index.php\/wp-json\/wp\/v2\/pages\/532\/revisions\/4015"}],"wp:attachment":[{"href":"https:\/\/smartlab.cvtisr.sk\/index.php\/wp-json\/wp\/v2\/media?parent=532"}],"curies":[{"name":"wp","href":"https:\/\/api.w.org\/{rel}","templated":true}]}}